{"id":7943,"date":"2024-05-22T09:34:57","date_gmt":"2024-05-22T09:34:57","guid":{"rendered":"https:\/\/obobettermann.ist\/?page_id=7943"},"modified":"2024-05-22T13:40:13","modified_gmt":"2024-05-22T13:40:13","slug":"anasayfa","status":"publish","type":"page","link":"https:\/\/www.obobettermann.ist\/","title":{"rendered":"Anasayfa"},"content":{"rendered":"<div class=\"wpb-content-wrapper\"><p>[vc_row][vc_column width=&#8221;1\/2&#8243;][vc_row_inner][vc_column_inner width=&#8221;1\/2&#8243;][vc_empty_space][vc_single_image image=&#8221;7972&#8243; img_size=&#8221;full&#8221; alignment=&#8221;center&#8221; label=&#8221;&#8221;][\/vc_column_inner][vc_column_inner width=&#8221;1\/2&#8243;][vc_single_image image=&#8221;7973&#8243; img_size=&#8221;full&#8221; alignment=&#8221;center&#8221; label=&#8221;&#8221;][\/vc_column_inner][\/vc_row_inner][\/vc_column][vc_column width=&#8221;1\/2&#8243;][vc_column_text]Obo Bettermann 7 ana \u00fcr\u00fcn grubu ile elektromekanik montaj uygulay\u0131c\u0131lar\u0131na hizmet vermektedir.Sekt\u00f6r\u00fcndeki yeniliklerin \u00f6nc\u00fcs\u00fc olan firmam\u0131z \u00fcretici kimli\u011finin yan\u0131nda t\u00fcm d\u00fcnyada ge\u00e7erli olan standartlar\u0131n olu\u015fturulmas\u0131na da katk\u0131da bulunmaktad\u0131r.Firmam\u0131za ad\u0131n\u0131 veren &#8221;OBO D\u00fcbel&#8221; Almanca &#8221;<strong>O<\/strong>hne-<strong>BO<\/strong>re&#8221; s\u00f6zc\u00fcklerinden t\u00fcretilmi\u015ftir ve &#8216;matkap kullanmadan montaja imkan vermek&#8217; anlam\u0131na gelmektedir.&#8217;Kullan\u0131c\u0131 Dostu \u00dcr\u00fcnler&#8217; \u00fcretmeyi ilke edinen Obo Bettermann, 1911&#8217;den itibaren kaliteyi 3600 \u00e7al\u0131\u015fan\u0131 ile 60&#8217;dan fazla \u00fclkede profesyonellerin hizmetine sunmaktad\u0131r.[\/vc_column_text][\/vc_column][\/vc_row][vc_row][vc_column][vc_tabs position=&#8221;top-center&#8221; skin=&#8221;primary&#8221;][vc_tab title=&#8221;VBS&#8221; tab_id=&#8221;1716369234981-7-6&#8243;][vc_custom_heading text=&#8221;OBO BETTERMANN &#8211; VBS \u00dcR\u00dcN GRUBU&#8221; font_container=&#8221;tag:h2|font_size:16px|text_align:center|line_height:1.3em&#8221; use_theme_fonts=&#8221;yes&#8221; font_weight=&#8221;600&#8243; letter_spacing=&#8221;-0.16px&#8221; show_border=&#8221;yes&#8221; border_size=&#8221;xs&#8221; border_color=&#8221;#e7e7e7&#8243; css=&#8221;.vc_custom_1715878125748{padding-top: 0px !important;}&#8221;][vc_custom_heading text=&#8221;Ba\u011flant\u0131 ve Tespitleme Sistemleri&#8221; font_container=&#8221;tag:h2|font_size:16px|text_align:center|line_height:1.3em&#8221; use_theme_fonts=&#8221;yes&#8221; font_weight=&#8221;600&#8243; letter_spacing=&#8221;-0.16px&#8221; show_border=&#8221;yes&#8221; border_size=&#8221;xs&#8221; border_color=&#8221;#e7e7e7&#8243; css=&#8221;.vc_custom_1716369609567{padding-top: 0px !important;}&#8221;][vc_row_inner][vc_column_inner][vc_single_image image=&#8221;7946&#8243; img_size=&#8221;full&#8221; alignment=&#8221;center&#8221;][\/vc_column_inner][\/vc_row_inner][vc_empty_space][vc_separator][vc_column_text]<\/p>\n<p style=\"text-align: center;\">Bu \u00fcr\u00fcn grubunda plastik ve metalden mamul ba\u011flant\u0131 kasalar\u0131, kablo da\u011f\u0131t\u0131m kasalar\u0131, klemensli s\u0131va alt\u0131 ve tesisat bo\u015fluklu duvar kutular\u0131, kablo ve borular\u0131n tespitlenmesi<br \/>\ni\u00e7in rakorlar, ta\u015f\u0131y\u0131c\u0131 mandallar , U tipi kelep\u00e7eli raylar, \u00e7ivi, vida, d\u00fcbel veya ankraj civatas\u0131 gibi kablo montaj ve tespitleme malzemeleri bulunmaktad\u0131r.<\/p>\n<p>[\/vc_column_text][vc_btn title=&#8221;Sayfaya git&#8221; color=&#8221;warning&#8221; size=&#8221;lg&#8221; align=&#8221;center&#8221; hover_text_effect=&#8221;hover-text-switch-up&#8221; link=&#8221;url:http%3A%2F%2Fwww.vbs.ist&#8221; css=&#8221;.vc_custom_1716369642093{margin-top: 30px !important;}&#8221;][\/vc_tab][vc_tab title=&#8221;TBS&#8221; tab_id=&#8221;1716375051763-1-2&#8243;][vc_custom_heading text=&#8221;OBO BETTERMANN &#8211; TBS \u00dcR\u00dcN GRUBU&#8221; font_container=&#8221;tag:h2|font_size:16px|text_align:center|line_height:1.3em&#8221; use_theme_fonts=&#8221;yes&#8221; font_weight=&#8221;600&#8243; letter_spacing=&#8221;-0.16px&#8221; show_border=&#8221;yes&#8221; border_size=&#8221;xs&#8221; border_color=&#8221;#e7e7e7&#8243; css=&#8221;.vc_custom_1716375084756{padding-top: 0px !important;}&#8221;][vc_custom_heading text=&#8221;Darbe A\u015f\u0131r\u0131 Gerilimden ve Y\u0131ld\u0131r\u0131mdan Koruma; Topraklama Sistemleri&#8221; font_container=&#8221;tag:h2|font_size:16px|text_align:center|line_height:1.3em&#8221; use_theme_fonts=&#8221;yes&#8221; font_weight=&#8221;600&#8243; letter_spacing=&#8221;-0.16px&#8221; show_border=&#8221;yes&#8221; border_size=&#8221;xs&#8221; border_color=&#8221;#e7e7e7&#8243; css=&#8221;.vc_custom_1716375102676{padding-top: 0px !important;}&#8221;][vc_row_inner][vc_column_inner][vc_single_image image=&#8221;7983&#8243; img_size=&#8221;full&#8221; alignment=&#8221;center&#8221; label=&#8221;&#8221;][\/vc_column_inner][\/vc_row_inner][vc_empty_space][vc_separator][vc_column_text]<\/p>\n<p style=\"text-align: center;\">G\u00fcnl\u00fck hayat\u0131m\u0131zda elektrikli ve elektronik cihazlar\u0131n kullan\u0131m\u0131 artt\u0131k\u00e7a s\u00f6z konusu cihazlar\u0131m\u0131z\u0131 y\u0131ld\u0131r\u0131m gibi do\u011fa olaylar\u0131ndan ve kom\u015fular\u0131m\u0131zdan kaynaklanan elektriksel<br \/>\ndarbelerden korumam\u0131z gerekmektedir. OBO bu konuda kendi BET test merkezini kurmu\u015f ve bu konudaki d\u00fcnyada mevcut birka\u00e7 \u00fcreticiden biridir.<\/p>\n<p>[\/vc_column_text][vc_btn title=&#8221;Sayfaya git&#8221; color=&#8221;warning&#8221; size=&#8221;lg&#8221; align=&#8221;center&#8221; hover_text_effect=&#8221;hover-text-switch-up&#8221; link=&#8221;url:http%3A%2F%2Fwww.tbs.ist&#8221; css=&#8221;.vc_custom_1716385115702{margin-top: 30px !important;}&#8221;][\/vc_tab][vc_tab title=&#8221;KTS&#8221; tab_id=&#8221;1716375191776-2-7&#8243;][vc_custom_heading text=&#8221;OBO BETTERMANN &#8211; KTS \u00dcR\u00dcN GRUBU&#8221; font_container=&#8221;tag:h2|font_size:16px|text_align:center|line_height:1.3em&#8221; use_theme_fonts=&#8221;yes&#8221; font_weight=&#8221;600&#8243; letter_spacing=&#8221;-0.16px&#8221; show_border=&#8221;yes&#8221; border_size=&#8221;xs&#8221; border_color=&#8221;#e7e7e7&#8243; css=&#8221;.vc_custom_1716375224680{padding-top: 0px !important;}&#8221;][vc_custom_heading text=&#8221;Kablo Ta\u015f\u0131ma Sistemleri&#8221; font_container=&#8221;tag:h2|font_size:16px|text_align:center|line_height:1.3em&#8221; use_theme_fonts=&#8221;yes&#8221; font_weight=&#8221;600&#8243; letter_spacing=&#8221;-0.16px&#8221; show_border=&#8221;yes&#8221; border_size=&#8221;xs&#8221; border_color=&#8221;#e7e7e7&#8243; css=&#8221;.vc_custom_1716375721312{padding-top: 0px !important;}&#8221;][vc_row_inner][vc_column_inner][vc_single_image image=&#8221;7985&#8243; img_size=&#8221;full&#8221; alignment=&#8221;center&#8221; label=&#8221;&#8221;][\/vc_column_inner][\/vc_row_inner][vc_empty_space][vc_separator][vc_column_text]<\/p>\n<p style=\"text-align: center;\">OBO KTS program\u0131, kablo kanallar\u0131ndan, uzun germe ve ayd\u0131nlatma ta\u015f\u0131ma kanallar\u0131na var\u0131ncaya kadar geleneksel t\u00fcm kullan\u0131m ve uygulama alanlar\u0131 i\u00e7in gerekli her t\u00fcrl\u00fc<br \/>\n\u00fcr\u00fcn\u00fc kapsamaktad\u0131r. Ayr\u0131ca gemicilik, t\u00fcnel, fiber optik kablo ta\u015f\u0131ma kanallar\u0131 gibi sekt\u00f6rel \u00e7\u00f6z\u00fcmler ve off-shore uygulamalar\u0131 gibi korozyona kar\u015f\u0131 hassas b\u00f6lgeler i\u00e7in<br \/>\nba\u015fka firmalarca \u00f6zel olarak \u00fcretilen ancak OBO\u2019da standart \u00fcretim portf\u00f6y\u00fcnde yer alan geni\u015f bir \u00fcr\u00fcn yelpazesine sahiptir.<\/p>\n<p>[\/vc_column_text][vc_btn title=&#8221;Sayfaya git&#8221; color=&#8221;warning&#8221; size=&#8221;lg&#8221; align=&#8221;center&#8221; hover_text_effect=&#8221;hover-text-switch-up&#8221; link=&#8221;url:http%3A%2F%2Fwww.kts.ist&#8221; css=&#8221;.vc_custom_1716385130190{margin-top: 30px !important;}&#8221;][\/vc_tab][vc_tab title=&#8221;BSS&#8221; tab_id=&#8221;1716375258580-3-10&#8243;][vc_custom_heading text=&#8221;OBO BETTERMANN &#8211; BSS \u00dcR\u00dcN GRUBU&#8221; font_container=&#8221;tag:h2|font_size:16px|text_align:center|line_height:1.3em&#8221; use_theme_fonts=&#8221;yes&#8221; font_weight=&#8221;600&#8243; letter_spacing=&#8221;-0.16px&#8221; show_border=&#8221;yes&#8221; border_size=&#8221;xs&#8221; border_color=&#8221;#e7e7e7&#8243; css=&#8221;.vc_custom_1716375274404{padding-top: 0px !important;}&#8221;][vc_custom_heading text=&#8221;Yang\u0131ndan Pasif Koruma Sistemleri&#8221; font_container=&#8221;tag:h2|font_size:16px|text_align:center|line_height:1.3em&#8221; use_theme_fonts=&#8221;yes&#8221; font_weight=&#8221;600&#8243; letter_spacing=&#8221;-0.16px&#8221; show_border=&#8221;yes&#8221; border_size=&#8221;xs&#8221; border_color=&#8221;#e7e7e7&#8243; css=&#8221;.vc_custom_1716375292236{padding-top: 0px !important;}&#8221;][vc_row_inner][vc_column_inner][vc_single_image image=&#8221;7986&#8243; img_size=&#8221;full&#8221; alignment=&#8221;center&#8221; label=&#8221;&#8221;][\/vc_column_inner][\/vc_row_inner][vc_empty_space][vc_separator][vc_column_text]<\/p>\n<p style=\"text-align: center;\">G\u00fcn\u00fcm\u00fczde insanlar bir yang\u0131n esnas\u0131nda yang\u0131n\u0131n kendisinden \u00e7ok ortaya \u00e7\u0131kan duman ve zehirli gazlardan etkilenmektedirler. Yang\u0131n esnas\u0131nda ortaya \u00e7\u0131kan duman ve<br \/>\nzehirli gazlar \u015faft ge\u00e7i\u015fleri, elektrik kablolar\u0131 ve \u00e7e\u015fitli ama\u00e7larla d\u00f6\u015fenen borular\u0131n bina i\u00e7indeki bir ortamdan di\u011fer bir ortama ge\u00e7i\u015f yerlerinden \u00e7evreye yay\u0131lmaktad\u0131rlar.<br \/>\nBSS \u00fcr\u00fcn grubumuz ile s\u00f6z konusu duman ve zehirli gazlar\u0131n yang\u0131n\u0131n \u00e7\u0131kt\u0131\u011f\u0131 ortamdan ba\u015fka bir ortama ge\u00e7i\u015fini engellemek m\u00fcmk\u00fcnd\u00fcr.<\/p>\n<p>[\/vc_column_text][vc_btn title=&#8221;Sayfaya git&#8221; color=&#8221;warning&#8221; size=&#8221;lg&#8221; align=&#8221;center&#8221; hover_text_effect=&#8221;hover-text-switch-up&#8221; link=&#8221;url:http%3A%2F%2Fwww.bss.ist&#8221; css=&#8221;.vc_custom_1716385147382{margin-top: 30px !important;}&#8221;][\/vc_tab][vc_tab title=&#8221;LFS&#8221; tab_id=&#8221;1716375313419-4-0&#8243;][vc_custom_heading text=&#8221;OBO BETTERMANN &#8211; LFS \u00dcR\u00dcN GRUBU&#8221; font_container=&#8221;tag:h2|font_size:16px|text_align:center|line_height:1.3em&#8221; use_theme_fonts=&#8221;yes&#8221; font_weight=&#8221;600&#8243; letter_spacing=&#8221;-0.16px&#8221; show_border=&#8221;yes&#8221; border_size=&#8221;xs&#8221; border_color=&#8221;#e7e7e7&#8243; css=&#8221;.vc_custom_1716375334164{padding-top: 0px !important;}&#8221;][vc_custom_heading text=&#8221;Kablo D\u00f6\u015feme Sistemleri&#8221; font_container=&#8221;tag:h2|font_size:16px|text_align:center|line_height:1.3em&#8221; use_theme_fonts=&#8221;yes&#8221; font_weight=&#8221;600&#8243; letter_spacing=&#8221;-0.16px&#8221; show_border=&#8221;yes&#8221; border_size=&#8221;xs&#8221; border_color=&#8221;#e7e7e7&#8243; css=&#8221;.vc_custom_1716375346544{padding-top: 0px !important;}&#8221;][vc_row_inner][vc_column_inner][vc_single_image image=&#8221;7993&#8243; img_size=&#8221;full&#8221; alignment=&#8221;center&#8221; label=&#8221;&#8221;][\/vc_column_inner][\/vc_row_inner][vc_empty_space][vc_separator][vc_column_text]<\/p>\n<p style=\"text-align: center;\">End\u00fcstri binalar\u0131ndaki, ofis alanlar\u0131ndaki ve hatta konutlardaki teknik alt yap\u0131 gittik\u00e7e kompleks bir hale gelmekte ve kablo d\u00f6\u015feme konusunda y\u00fcksek performansl\u0131 modern,<br \/>\ndekoratif ve kolayca geni\u015flemeye m\u00fcsaade eden sistemlerin kullan\u0131lmas\u0131 gere\u011fini ortaya \u00e7\u0131karmaktad\u0131r. OBO bu konudaki t\u00fcm ihtiya\u00e7lara en iyi \u015fekilde cevap verebilecek<br \/>\nnitelik ve nicelikte \u00fcr\u00fcn gam\u0131na sahiptir.<\/p>\n<p>[\/vc_column_text][vc_btn title=&#8221;Sayfaya git&#8221; color=&#8221;warning&#8221; size=&#8221;lg&#8221; align=&#8221;center&#8221; hover_text_effect=&#8221;hover-text-switch-up&#8221; link=&#8221;url:http%3A%2F%2Fwww.lfs.ist&#8221; css=&#8221;.vc_custom_1716385162567{margin-top: 30px !important;}&#8221;][\/vc_tab][vc_tab title=&#8221;EGS&#8221; tab_id=&#8221;1716375443596-5-4&#8243;][vc_custom_heading text=&#8221;OBO BETTERMANN &#8211; EGS \u00dcR\u00dcN GRUBU&#8221; font_container=&#8221;tag:h2|font_size:16px|text_align:center|line_height:1.3em&#8221; use_theme_fonts=&#8221;yes&#8221; font_weight=&#8221;600&#8243; letter_spacing=&#8221;-0.16px&#8221; show_border=&#8221;yes&#8221; border_size=&#8221;xs&#8221; border_color=&#8221;#e7e7e7&#8243; css=&#8221;.vc_custom_1716375459404{padding-top: 0px !important;}&#8221;][vc_custom_heading text=&#8221;Mod\u00fcler Priz ve Anahtarlar&#8221; font_container=&#8221;tag:h2|font_size:16px|text_align:center|line_height:1.3em&#8221; use_theme_fonts=&#8221;yes&#8221; font_weight=&#8221;600&#8243; letter_spacing=&#8221;-0.16px&#8221; show_border=&#8221;yes&#8221; border_size=&#8221;xs&#8221; border_color=&#8221;#e7e7e7&#8243; css=&#8221;.vc_custom_1716375468260{padding-top: 0px !important;}&#8221;][vc_row_inner][vc_column_inner][vc_single_image image=&#8221;7988&#8243; img_size=&#8221;full&#8221; alignment=&#8221;center&#8221; label=&#8221;&#8221;][\/vc_column_inner][\/vc_row_inner][vc_empty_space][vc_separator][vc_column_text]<\/p>\n<p style=\"text-align: center;\">OBO Bettermann\u2019\u0131n modern Mod\u00fcler priz sistemleri akla gelebilecek t\u00fcm kullan\u0131m ve uygulama alanlar\u0131na y\u00f6nelik \u00e7ekici \u00fcr\u00fcn gruplar\u0131n\u0131 bar\u0131nd\u0131rmaktad\u0131r. OBO Modul 45<br \/>\n\u00fcr\u00fcn program\u0131 ile t\u00fcm ihtiya\u00e7lar\u0131n\u0131za kasas\u0131z ve \u00e7er\u00e7evesiz, \u015f\u0131k g\u00f6r\u00fcn\u00fc\u015fl\u00fc, sa\u011flam \u00e7\u00f6z\u00fcmler sunmaktad\u0131r.<\/p>\n<p>[\/vc_column_text][vc_btn title=&#8221;Sayfaya git&#8221; color=&#8221;warning&#8221; size=&#8221;lg&#8221; align=&#8221;center&#8221; hover_text_effect=&#8221;hover-text-switch-up&#8221; link=&#8221;url:http%3A%2F%2Fwww.egs.ist&#8221; css=&#8221;.vc_custom_1716385177126{margin-top: 30px !important;}&#8221;][\/vc_tab][vc_tab title=&#8221;UFS&#8221; tab_id=&#8221;1716375499476-6-5&#8243;][vc_custom_heading text=&#8221;OBO BETTERMANN &#8211; UFS \u00dcR\u00dcN GRUBU&#8221; font_container=&#8221;tag:h2|font_size:16px|text_align:center|line_height:1.3em&#8221; use_theme_fonts=&#8221;yes&#8221; font_weight=&#8221;600&#8243; letter_spacing=&#8221;-0.16px&#8221; show_border=&#8221;yes&#8221; border_size=&#8221;xs&#8221; border_color=&#8221;#e7e7e7&#8243; css=&#8221;.vc_custom_1716375514128{padding-top: 0px !important;}&#8221;][vc_custom_heading text=&#8221;D\u00f6\u015feme Alt\u0131 Sistemler&#8221; font_container=&#8221;tag:h2|font_size:16px|text_align:center|line_height:1.3em&#8221; use_theme_fonts=&#8221;yes&#8221; font_weight=&#8221;600&#8243; letter_spacing=&#8221;-0.16px&#8221; show_border=&#8221;yes&#8221; border_size=&#8221;xs&#8221; border_color=&#8221;#e7e7e7&#8243; css=&#8221;.vc_custom_1716375521652{padding-top: 0px !important;}&#8221;][vc_row_inner][vc_column_inner][vc_single_image image=&#8221;7994&#8243; img_size=&#8221;full&#8221; alignment=&#8221;center&#8221; label=&#8221;&#8221;][\/vc_column_inner][\/vc_row_inner][vc_empty_space][vc_separator][vc_column_text]<\/p>\n<p style=\"text-align: center;\">G\u00fcn\u00fcm\u00fczde modern ofislerin vazge\u00e7ilmez bir unsuru olan d\u00f6\u015feme alt\u0131 kanal sistemleri Ackermann firmas\u0131n\u0131n sat\u0131n al\u0131nmas\u0131 ile birlikte OBO Bettermann \u00fcr\u00fcn gam\u0131na dahil olmu\u015ftur.<br \/>\nOBO ihtiyac\u0131n\u0131za uygun \u00e7\u00f6z\u00fcmleri sekt\u00f6r\u00fcn\u00fcn en geni\u015f \u00fcr\u00fcn program\u0131 ve zengin aksesuar yelpazesi ile t\u00fcketicilere sunmaktad\u0131r.<\/p>\n<p>[\/vc_column_text][vc_btn title=&#8221;Sayfaya git&#8221; color=&#8221;warning&#8221; size=&#8221;lg&#8221; align=&#8221;center&#8221; hover_text_effect=&#8221;hover-text-switch-up&#8221; link=&#8221;url:http%3A%2F%2Fwww.ufs.ist&#8221; css=&#8221;.vc_custom_1716385193198{margin-top: 30px !important;}&#8221;][\/vc_tab][vc_tab title=&#8221;TBS PARAFUDR&#8221; tab_id=&#8221;1716375562592-7-4&#8243;][vc_custom_heading text=&#8221;OBO BETTERMANN &#8211; PARAFUDR \u00dcR\u00dcN GRUBU&#8221; font_container=&#8221;tag:h2|font_size:16px|text_align:center|line_height:1.3em&#8221; use_theme_fonts=&#8221;yes&#8221; font_weight=&#8221;600&#8243; letter_spacing=&#8221;-0.16px&#8221; show_border=&#8221;yes&#8221; border_size=&#8221;xs&#8221; border_color=&#8221;#e7e7e7&#8243; css=&#8221;.vc_custom_1716375592401{padding-top: 0px !important;}&#8221;][vc_custom_heading text=&#8221;Darbe A\u015f\u0131r\u0131 Gerilimden ve Y\u0131ld\u0131r\u0131mdan Koruma; Topraklama Sistemleri&#8221; font_container=&#8221;tag:h2|font_size:16px|text_align:center|line_height:1.3em&#8221; use_theme_fonts=&#8221;yes&#8221; font_weight=&#8221;600&#8243; letter_spacing=&#8221;-0.16px&#8221; show_border=&#8221;yes&#8221; border_size=&#8221;xs&#8221; border_color=&#8221;#e7e7e7&#8243; css=&#8221;.vc_custom_1716375604781{padding-top: 0px !important;}&#8221;][vc_row_inner][vc_column_inner][vc_single_image image=&#8221;7991&#8243; img_size=&#8221;full&#8221; alignment=&#8221;center&#8221; label=&#8221;&#8221;][\/vc_column_inner][\/vc_row_inner][vc_empty_space][vc_separator][vc_btn title=&#8221;Sayfaya git&#8221; color=&#8221;warning&#8221; size=&#8221;lg&#8221; align=&#8221;center&#8221; hover_text_effect=&#8221;hover-text-switch-up&#8221; link=&#8221;url:http%3A%2F%2Fwww.obobettermann.ist&#8221; css=&#8221;.vc_custom_1716385211382{margin-top: 30px !important;}&#8221;][\/vc_tab][\/vc_tabs][\/vc_column][\/vc_row]<\/p>\n<\/div>","protected":false},"excerpt":{"rendered":"<p>[vc_row][vc_column width=&#8221;1\/2&#8243;][vc_row_inner][vc_column_inner width=&#8221;1\/2&#8243;][vc_empty_space][vc_single_image image=&#8221;7972&#8243; img_size=&#8221;full&#8221; alignment=&#8221;center&#8221; label=&#8221;&#8221;][\/vc_column_inner][vc_column_inner width=&#8221;1\/2&#8243;][vc_single_image image=&#8221;7973&#8243; img_size=&#8221;full&#8221; alignment=&#8221;center&#8221; label=&#8221;&#8221;][\/vc_column_inner][\/vc_row_inner][\/vc_column][vc_column width=&#8221;1\/2&#8243;][vc_column_text]Obo Bettermann 7 ana \u00fcr\u00fcn grubu ile elektromekanik montaj uygulay\u0131c\u0131lar\u0131na hizmet vermektedir.Sekt\u00f6r\u00fcndeki yeniliklerin \u00f6nc\u00fcs\u00fc olan firmam\u0131z \u00fcretici kimli\u011finin yan\u0131nda t\u00fcm d\u00fcnyada ge\u00e7erli olan standartlar\u0131n olu\u015fturulmas\u0131na da katk\u0131da bulunmaktad\u0131r.Firmam\u0131za ad\u0131n\u0131 veren &#8221;OBO D\u00fcbel&#8221; Almanca &#8221;Ohne-BOre&#8221; s\u00f6zc\u00fcklerinden t\u00fcretilmi\u015ftir ve &#8216;matkap kullanmadan montaja imkan vermek&#8217; anlam\u0131na [&hellip;]<\/p>\n","protected":false},"author":1,"featured_media":0,"parent":0,"menu_order":0,"comment_status":"closed","ping_status":"closed","template":"","meta":{"footnotes":""},"class_list":["post-7943","page","type-page","status-publish","hentry"],"_links":{"self":[{"href":"https:\/\/www.obobettermann.ist\/index.php?rest_route=\/wp\/v2\/pages\/7943","targetHints":{"allow":["GET"]}}],"collection":[{"href":"https:\/\/www.obobettermann.ist\/index.php?rest_route=\/wp\/v2\/pages"}],"about":[{"href":"https:\/\/www.obobettermann.ist\/index.php?rest_route=\/wp\/v2\/types\/page"}],"author":[{"embeddable":true,"href":"https:\/\/www.obobettermann.ist\/index.php?rest_route=\/wp\/v2\/users\/1"}],"replies":[{"embeddable":true,"href":"https:\/\/www.obobettermann.ist\/index.php?rest_route=%2Fwp%2Fv2%2Fcomments&post=7943"}],"version-history":[{"count":26,"href":"https:\/\/www.obobettermann.ist\/index.php?rest_route=\/wp\/v2\/pages\/7943\/revisions"}],"predecessor-version":[{"id":7996,"href":"https:\/\/www.obobettermann.ist\/index.php?rest_route=\/wp\/v2\/pages\/7943\/revisions\/7996"}],"wp:attachment":[{"href":"https:\/\/www.obobettermann.ist\/index.php?rest_route=%2Fwp%2Fv2%2Fmedia&parent=7943"}],"curies":[{"name":"wp","href":"https:\/\/api.w.org\/{rel}","templated":true}]}}